{"id":222,"date":"2021-09-07T22:31:49","date_gmt":"2021-09-07T20:31:49","guid":{"rendered":"https:\/\/showroom.steinemann.com\/?page_id=222"},"modified":"2024-03-13T21:39:57","modified_gmt":"2024-03-13T20:39:57","slug":"anmeldung-ihr-persoenlicher-zugang-zu-unserem-digitalen-messestand","status":"publish","type":"page","link":"https:\/\/showroom.steinemann.com\/en\/","title":{"rendered":"Registration: Your personal access to our digital trade show booth"},"content":{"rendered":"\n<p>Besuchen Sie uns in der virtuellen Welt! Auf dem digitalen Messestand k\u00f6nnen Sie sich durch unsere virtuelle Schleiflinie bewegen und Eindr\u00fccke von den Maschinen und Abl\u00e4ufen sammeln. Hier erhalten Sie exklusive Informationen zu unseren neuesten Produkten und Entwicklungen und k\u00f6nnen sich im Chat direkt mit unseren Experten austauschen.<\/p>\n\n\n\n<p><strong>Registrieren Sie sich jetzt und erleben Sie Steinemann digital!<\/strong><\/p>\n\n\n<div id=\"swpm-form-1\" class=\"swpm-form-builder-container\"><form id=\"willkommen-1\" class=\"swpm-form-builder swpm-form-1 left\" method=\"post\" enctype=\"multipart\/form-data\">\n\t<input type=\"hidden\" name=\"form_id\" value=\"1\" \/><input type =\"hidden\" name=\"level_identifier\" value=\"c81e728d9d4c2f636f067f89cc14862c\" \/><input type =\"hidden\" name=\"swpm_level_hash\" value=\"461e61ed4afca1f363a8e2f9fc5fdeff\" \/><input type =\"hidden\" name=\"membership_level\" value=\"2\" \/><fieldset class=\"swpm-fieldset swpm-fieldset-1 fieldset  langDE\" id=\"item-swpm-15\"><div class=\"swpm-legend\"><h3>Registrierung<\/h3><\/div><ul class=\"swpm-section swpm-section-1\"><\/ul>&nbsp;<\/fieldset><fieldset class=\"swpm-fieldset swpm-fieldset-2 fieldset  langEN\" id=\"item-swpm-47\"><div class=\"swpm-legend\"><h3>Registration<\/h3><\/div><ul class=\"swpm-section swpm-section-2\"><li class=\"swpm-item swpm-item-text  \" id=\"item-swpm-4\"><label for=\"swpm-4\" class=\"swpm-desc\">Membership Level <\/label><input type=\"hidden\"  name=\"swpm-4\" id=\"swpm-4\" value=\"2\" class=\"swpm-text  swpm-medium   \"  \/><div> Free<\/div><\/li><li class=\"swpm-item swpm-item-text  \" id=\"item-swpm-2\"><label for=\"swpm-2\" class=\"swpm-desc\">Username  <span class=\"swpm-required-asterisk\">*<\/span><\/label><input type=\"text\"  name=\"swpm-2\" id=\"swpm-2\" value=\"\" class=\"swpm-text  swpm-medium  required   nowhitespace \"  \/><\/li><li class=\"swpm-item swpm-item-text   swpm-left-half\" id=\"item-swpm-17\"><label for=\"swpm-17\" class=\"swpm-desc\">First Name  <span class=\"swpm-required-asterisk\">*<\/span><\/label><input type=\"text\"  name=\"swpm-17\" id=\"swpm-17\" value=\"\" class=\"swpm-text  swpm-medium  required  \"  \/><\/li><li class=\"swpm-item swpm-item-text   swpm-right-half\" id=\"item-swpm-19\"><label for=\"swpm-19\" class=\"swpm-desc\">Last Name  <span class=\"swpm-required-asterisk\">*<\/span><\/label><input type=\"text\"  name=\"swpm-19\" id=\"swpm-19\" value=\"\" class=\"swpm-text  swpm-medium  required  \"  \/><\/li><li class=\"swpm-item swpm-item-email  \" id=\"item-swpm-5\"><label for=\"swpm-5\" class=\"swpm-desc\">Email  <span class=\"swpm-required-asterisk\">*<\/span><\/label><input type=\"email\"  name=\"swpm-5\" id=\"swpm-5\" value=\"\" class=\"swpm-text  swpm-medium  required  email \"  \/><\/li><li class=\"swpm-item swpm-item-password  \" id=\"item-swpm-3\"><label for=\"swpm-3\" class=\"swpm-desc\">Password  <span class=\"swpm-required-asterisk\">*<\/span><\/label><div><input type=\"password\" placeholder=\"Type password here\" name=\"swpm-3\" id=\"swpm-3\" value=\"\" class=\"swpm-text  swpm-medium  required  \" \/><\/div><div><input type=\"password\" placeholder=\"Retype password here\" name=\"swpm-3_re\" id=\"swpm-3_re\" value=\"\" class=\"swpm-text  swpm-medium  required  \" \/><\/div><\/li><li class=\"swpm-item swpm-item-checkbox  \" id=\"item-swpm-31\"><label class=\"swpm-desc\">  <span class=\"swpm-required-asterisk\">*<\/span><\/label><div class=\"swpm-checkbox-required\"><div class=\"swpm-span\"><input type=\"hidden\" name=\"swpm-31[0]\" value=\"0\"><input type=\"checkbox\" name=\"swpm-31[0]\" id=\"swpm-31-0\" value=\"1\" class=\"swpm-checkbox \" \/><label for=\"swpm-31-0\" class=\"swpm-choice\"><span id=\"langDE\">Ich stimme hiermit zu, dass die Steinemann Technology AG die von mir bei der Nutzung der Messeplattform erhobenen Personendaten f\u00fcr Marketingzwecke gem\u00e4ss ihrer <a href=\"https:\/\/showroom.steinemann.com\/datenschutzerklaerung\/\" target=\"_blank\">Datenschutzerkl\u00e4rung<\/a> verwenden und mir Informationen zu Angeboten der Steinemann Technology AG auch elektronisch (z.B. E-Mail) zustellen kann.*<\/span><span  id=\"langEN\">I hereby agree that Steinemann Technology AG can use the personal data I have collected when using the exhibition platform for marketing purposes in accordance with its <a href=\"https:\/\/showroom.steinemann.com\/en\/datenschutzerklaerung\/\" target=\"_blank\">data protection declaration<\/a> and can also send me information on Steinemann Technology AG offers electronically (e.g. email). *<\/span><span  id=\"langZN\">\u6211\u5728\u6b64\u540c\u610f\u53f2\u4e39\u5229\u8499\u6839\u636e<a href=\"https:\/\/showroom.steinemann.com\/en\/datenschutzerklaerung\/\" target=\"_blank\">\u6570\u636e\u4fdd\u62a4\u58f0\u660e<\/a>\u53ef\u4ee5\u4f7f\u7528\u6211\u63d0\u4f9b\u7684\u4e2a\u4eba\u6570\u636e\uff0c\u7528\u4e8e\u5e02\u573a\u7684\u4ea4\u6d41\u5e73\u53f0\uff0c\u53f2\u4e39\u5229\u8499\u53ef\u4ee5\u5411\u6211\u63d0\u4f9b\u7535\u5b50\u62a5\u4ef7\u4fe1\u606f\uff08\u5982\u901a\u8fc7\u90ae\u7bb1\uff09\u3002 *<\/span><span  id=\"langRU\"><a href=\"https:\/\/showroom.steinemann.com\/en\/datenschutzerklaerung\/\" target=\"_blank\">\u041d\u0430\u0441\u0442\u043e\u044f\u0449\u0438\u043c \u044f \u0441\u043e\u0433\u043b\u0430\u0448\u0430\u044e\u0441\u044c \u0441 \u0442\u0435\u043c, \u0447\u0442\u043e Steinemann Technology AG \u043c\u043e\u0436\u0435\u0442 \u0438\u0441\u043f\u043e\u043b\u044c\u0437\u043e\u0432\u0430\u0442\u044c \u043f\u0435\u0440\u0441\u043e\u043d\u0430\u043b\u044c\u043d\u044b\u0435 \u0434\u0430\u043d\u043d\u044b\u0435, \u043f\u043e\u043b\u0443\u0447\u0435\u043d\u043d\u044b\u0435 \u043e\u0442 \u043c\u0435\u043d\u044f \u043f\u0440\u0438 \u0438\u0441\u043f\u043e\u043b\u044c\u0437\u043e\u0432\u0430\u043d\u0438\u0438 \u0432\u044b\u0441\u0442\u0430\u0432\u043e\u0447\u043d\u043e\u0439 \u043f\u043b\u0430\u0442\u0444\u043e\u0440\u043c\u044b, \u0432 \u043c\u0430\u0440\u043a\u0435\u0442\u0438\u043d\u0433\u043e\u0432\u044b\u0445 \u0446\u0435\u043b\u044f\u0445 \u0432 \u0441\u043e\u043e\u0442\u0432\u0435\u0442\u0441\u0442\u0432\u0438\u0438 \u0441\u043e \u0441\u0432\u043e\u0435\u0439 \u0434\u0435\u043a\u043b\u0430\u0440\u0430\u0446\u0438\u0435\u0439 \u043e \u0437\u0430\u0449\u0438\u0442\u0435 \u0434\u0430\u043d\u043d\u044b\u0445, \u0430 \u0442\u0430\u043a\u0436\u0435 \u043c\u043e\u0436\u0435\u0442 \u043e\u0442\u043f\u0440\u0430\u0432\u043b\u044f\u0442\u044c \u043c\u043d\u0435 \u0438\u043d\u0444\u043e\u0440\u043c\u0430\u0446\u0438\u044e \u043e \u043f\u0440\u0435\u0434\u043b\u043e\u0436\u0435\u043d\u0438\u044f\u0445 Steinemann Technology AG \u0432 \u044d\u043b\u0435\u043a\u0442\u0440\u043e\u043d\u043d\u043e\u043c \u0432\u0438\u0434\u0435 (\u043d\u0430\u043f\u0440\u0438\u043c\u0435\u0440, \u043f\u043e \u044d\u043b\u0435\u043a\u0442\u0440\u043e\u043d\u043d\u043e\u0439 \u043f\u043e\u0447\u0442\u0435) .*<\/a><\/span><span  id=\"langTR\"><a href=\"https:\/\/showroom.steinemann.com\/en\/datenschutzerklaerung\/\" target=\"_blank\">Steinemann Technology AG'nin ticaret fuar\u0131 platformunu kullan\u0131rken benden toplanan ki\u015fisel verileri veri koruma beyan\u0131na uygun olarak pazarlama amac\u0131yla kullanabilece\u011fini ve ayr\u0131ca bana Steinemann Technology AG'nin teklifleri hakk\u0131nda elektronik olarak bilgi g\u00f6nderebilece\u011fini (\u00f6rn. e-posta) kabul ediyorum. .*<\/a><\/span><\/label><\/div><div style=\"clear:both\"><\/div><\/div><\/li><\/ul>&nbsp;<\/fieldset><li style=\"display:none;\"><label>This box is for spam protection - <strong>please leave it blank<\/strong>:<\/label><div><input name=\"swpm-spam\" \/><\/div><\/li>\n    <p class=\"swpm-item swpm-item-submit swpm-edit-profile-submit-section\" id=\"item-swpm-8\">\n                <input type=\"submit\" name=\"swpm-fb-submit\" id=\"swpm-8\" value=\"OK\" class=\"swpm-submit \" \/>\n                <\/p><\/ul>\n    <\/fieldset><input type=\"hidden\" name=\"_wp_http_referer\" value=\"\/en\/wp-json\/wp\/v2\/pages\/222\" \/><\/form><\/div> <!-- .swpm-form-builder-container -->\n\n\n<div class=\"swpm-login-widget-form\">\n    <form id=\"swpm-login-form\" name=\"swpm-login-form\" method=\"post\" action=\"\">\n        <input type=\"hidden\" name=\"swpm_login_origination_flag\" value=\"1\" \/>\n        <div class=\"swpm-login-form-inner\">\n            <div class=\"swpm-username-label\">\n                <label for=\"swpm_user_name\" class=\"swpm-label\">Username or Email<\/label>\n            <\/div>\n            <div class=\"swpm-username-input\">\n                <input type=\"text\" class=\"swpm-text-field swpm-username-field\" id=\"swpm_user_name\" value=\"\" size=\"25\" name=\"swpm_user_name\" \/>\n            <\/div>\n            <div class=\"swpm-password-label\">\n                <label for=\"swpm_password\" class=\"swpm-label\">Password<\/label>\n            <\/div>\n            <div class=\"swpm-password-input\">                \n                <input type=\"password\" class=\"swpm-text-field swpm-password-field\" id=\"swpm_password\" value=\"\" size=\"25\" name=\"swpm_password\" \/>                \n            <\/div>\n                        <div class=\"swpm-remember-me\">\n                <span class=\"swpm-remember-checkbox\"><input type=\"checkbox\" name=\"rememberme\" id=\"swpm-rememberme\"><\/span>\n                <label for=\"swpm-rememberme\" class=\"swpm-rememberme-label\">\n                    <span class=\"swpm-rember-label\"> Remember Me<\/span>\n                <\/label>\n            <\/div>\n\n            <div class=\"swpm-before-login-submit-section\"><\/div>\n\n            <div class=\"swpm-login-submit\">\n                <input type=\"submit\" class=\"swpm-login-form-submit\" name=\"swpm-login\" value=\"Log In\"\/>\n            <\/div>\n            <div class=\"swpm-forgot-pass-link\">\n                <a id=\"forgot_pass\" class=\"swpm-login-form-pw-reset-link\"  href=\"https:\/\/showroom.steinemann.com\/reset\/\">Forgot Password?<\/a>\n            <\/div>\n                        <div class=\"swpm-join-us-link\">\n                <a id=\"register\" class=\"swpm-login-form-register-link\" href=\"https:\/\/showroom.steinemann.com\/membership-join\/membership-registration\/\">Join Us<\/a>\n            <\/div>\n                        <div class=\"swpm-login-action-msg\">\n                <span class=\"swpm-login-widget-action-msg\"><\/span>\n            <\/div>\n        <\/div>\n    <\/form>\n\n    <\/div>\n\n\n\n\n<div class=\"wp-block-buttons is-layout-flex wp-block-buttons-is-layout-flex\"><\/div>\n\n\n\n<!--Start of Tawk.to Script-->\n<script type=\"text\/javascript\">\nvar Tawk_API=Tawk_API||{}, Tawk_LoadStart=new Date();\n(function(){\nvar s1=document.createElement(\"script\"),s0=document.getElementsByTagName(\"script\")[0];\ns1.async=true;\ns1.src='https:\/\/embed.tawk.to\/611e19d8649e0a0a5cd1dedc\/1fdep9tq6';\ns1.charset='UTF-8';\ns1.setAttribute('crossorigin','*');\ns0.parentNode.insertBefore(s1,s0);\n})();\n<\/script>\n<!--End of Tawk.to Script-->\n","protected":false},"excerpt":{"rendered":"<p>Besuchen Sie uns in der virtuellen Welt! Auf dem digitalen Messestand k\u00f6nnen Sie sich durch unsere virtuelle Schleiflinie bewegen und Eindr\u00fccke von den Maschinen und Abl\u00e4ufen sammeln. Hier erhalten Sie exklusive Informationen zu unseren neuesten Produkten und Entwicklungen und k\u00f6nnen sich im Chat direkt mit unseren Experten austauschen. Registrieren Sie sich jetzt und erleben Sie &hellip; <\/p>\n<p class=\"link-more\"><a href=\"https:\/\/showroom.steinemann.com\/en\/\" class=\"more-link\">Continue reading<span class=\"screen-reader-text\"> &#8222;Anmeldung: Ihr pers\u00f6nlicher Zugang zu unserem digitalen Messestand&#8220;<\/span><\/a><\/p>","protected":false},"author":1,"featured_media":0,"parent":14,"menu_order":0,"comment_status":"closed","ping_status":"closed","template":"","meta":{"footnotes":""},"class_list":["post-222","page","type-page","status-publish","hentry","entry"],"_links":{"self":[{"href":"https:\/\/showroom.steinemann.com\/en\/wp-json\/wp\/v2\/pages\/222","targetHints":{"allow":["GET"]}}],"collection":[{"href":"https:\/\/showroom.steinemann.com\/en\/wp-json\/wp\/v2\/pages"}],"about":[{"href":"https:\/\/showroom.steinemann.com\/en\/wp-json\/wp\/v2\/types\/page"}],"author":[{"embeddable":true,"href":"https:\/\/showroom.steinemann.com\/en\/wp-json\/wp\/v2\/users\/1"}],"replies":[{"embeddable":true,"href":"https:\/\/showroom.steinemann.com\/en\/wp-json\/wp\/v2\/comments?post=222"}],"version-history":[{"count":1,"href":"https:\/\/showroom.steinemann.com\/en\/wp-json\/wp\/v2\/pages\/222\/revisions"}],"predecessor-version":[{"id":225,"href":"https:\/\/showroom.steinemann.com\/en\/wp-json\/wp\/v2\/pages\/222\/revisions\/225"}],"up":[{"embeddable":true,"href":"https:\/\/showroom.steinemann.com\/en\/wp-json\/wp\/v2\/pages\/14"}],"wp:attachment":[{"href":"https:\/\/showroom.steinemann.com\/en\/wp-json\/wp\/v2\/media?parent=222"}],"curies":[{"name":"wp","href":"https:\/\/api.w.org\/{rel}","templated":true}]}}