{"id":300,"date":"2021-09-10T09:21:16","date_gmt":"2021-09-10T07:21:16","guid":{"rendered":"https:\/\/showroom.steinemann.com\/?page_id=300"},"modified":"2021-09-10T09:29:21","modified_gmt":"2021-09-10T07:29:21","slug":"datenschutzerklaerung","status":"publish","type":"page","link":"https:\/\/showroom.steinemann.com\/ru\/datenschutzerklaerung\/","title":{"rendered":"Datenschutzerkl\u00e4rung"},"content":{"rendered":"<p>DATENSCHUTZERKL\u00c4RUNG ZUR DIGITALEN MESSEPLATTFORM DER STEINEMANN TECHNOLOGY AG<\/p>\n\n\n\n<ol class=\"wp-block-list\"><li><strong>Geltungsbereich und Verantwortlicher<br><\/strong>Diese Datenschutzerkl\u00e4rung gibt Auskunft dar\u00fcber, wie und zu welchen Zwecken die Steinemann Technology AG (nachfolgend &#8222;wir&#8220; oder &#8222;Steinemann&#8220;) Ihre Personendaten (nachfolgend &#8222;Sie&#8220; oder &#8222;Nutzer&#8220;) bearbeitet, die Sie uns im Zusammenhang mit der Nutzung unserer digitalen Messeplattform bekanntgeben, sowie welche Rechte Ihnen dabei zustehen. Als &#8222;Personendaten&#8220; gelten alle Angaben und Informationen, die sich auf eine bestimmte oder bestimmbare nat\u00fcrliche Person beziehen.<br><br>Soweit wir Personendaten von Ihnen bearbeiten, die Sie uns im Zusammenhang mit unserer digitalen Messeplattform mitteilen oder die wir bei der Nutzung der digitalen Messeplattform von Ihnen erheben, gelten wir als Verantwortlicher f\u00fcr die Datenbearbeitung. Die Adresse und Kontaktdaten der Steinemann Technology AG lauten wie folgt:<br><br>Steinemann Technology AG<br>Schoretshuebstrasse 24<br>CH-9015 St. Gallen<br><br>Telefon: +41 71 313 51 51<br>E-Mail: info@steinemann.com<\/li><li><strong>Bearbeitungszweck und Rechtsgrundlagen<br><\/strong>Wir bearbeiten Personendaten nach den Vorgaben des schweizerischen Datenschutzgesetzes (nachfolgend &#8222;DSG&#8220;) und, sofern und soweit anwendbar, nach der Datenschutz-Grundverordnung der Europ\u00e4ischen Union (nachfolgend &#8222;DSGVO&#8220;).<br><br><strong>2.1 Allgemein im Zusammenhang mit der digitalen Messeplattform<br><\/strong>Wir bearbeiten Personendaten, die Sie uns im Zusammenhang mit der Nutzung unserer Messeplattform bekanntgeben bzw. die wir von Ihnen bei der Nutzung der Messeplattform erheben insbesondere f\u00fcr folgende Zwecke:<br>\u2212 allgemein zur Nutzung unserer Messeplattform, insbesondere zur Kommunikation und Interaktion mit Ihnen;<br>\u2212 zur Erhebung Ihrer Interessen als Kunde;<br>\u2212 zur Analyse Ihres Nutzerverhaltens auf unserer Messeplattform;<br>\u2212 zur Verbesserung unserer Angebote und Dienstleistungen;<br>\u2212 zur Bereitstellung und Zustellung von Werbung im Zusammenhang mit unseren Produkten und Dienstleistungen an Sie.<br><br>Wir bearbeiten Ihre Personendaten zu den oben genannten Zwecken, je nach Situation, gest\u00fctzt auf die <br>\u2212 Die Bearbeitung der Personendaten ist f\u00fcr die Erf\u00fcllung eines Vertrages mit Ihnen erforderlich;<br>\u2212 Sie haben Ihre Einwilligung zur Bearbeitung der Sie betreffenden Personendaten erteilt;<br>\u2212 Die Bearbeitung der Personendaten ist zur Erf\u00fcllung einer rechtlichen Verpflichtung erforderlich; oder<br>\u2212 Wir haben an der Bearbeitung der von uns erhobenen Personendaten ein berechtigtes Interesse. Unsere berechtigten Interessen bestehen insbesondere darin, Ihnen unsere Messeplattform sowie unsere Angebote anzubieten, unsere Angebote Ihnen gegen\u00fcber zu bewerben sowie unsere Angebote zu verbessern. Je nach Fall k\u00f6nnen wir auch \u00fcber weitere berechtigte Interessen verf\u00fcgen.<br><br><strong>2.2 Cookies<br><\/strong>Unsere Messeplattform verwendet sogenannte Cookies. Bei Cookies handelt es sich um Textdateien, die im Internetbrowser bzw. vom Internetbrowser auf dem Computersystem des Nutzers oder eines mobilen Endger\u00e4tes gespeichert werden. Der Cookie enth\u00e4lt eine charakteristische Zeichenfolge, die eine eindeutige Identifizierung des Browsers oder des mobilen Endger\u00e4ts beim erneuten Aufrufen der Webseite oder der App erm\u00f6glicht.<br><br>Der Zweck der Verwendung von Cookies ist zum einen, die Nutzung unserer Messeplattform f\u00fcr die Nutzer zu erm\u00f6glichen und zu vereinfachen. Einige Funktionen unserer Messeplattform k\u00f6nnen ohne den Einsatz von Cookies (sog. technisch notwendige Cookies) nicht angeboten werden. Zum andern verwenden wir Cookies aber auch f\u00fcr die Analyse des Nutzerverhaltens auf unserer Messeplattform, namentlich zur Reichweitenmessung, sowie schliesslich auch zu Marketingzwecken.<br><br><strong>2.2.1 Technisch notwendige Cookies<br><\/strong>Technisch notwendige Cookies sind erforderlich, damit unsere Messeplattform funktioniert. Daher k\u00f6nnen diese Cookies auf unserer Messeplattform auch nicht abgeschaltet werden. Sie zeichnen in der Regel wichtige Aktionen auf, wie z.B. die Anzahl gestellter Anfragen, das Bearbeiten Ihrer Datenschutzeinstellungen oder das Ausf\u00fcllen von Formularen. Sie k\u00f6nnen diese Cookies zwar in Ihrem Browser blockieren, einige Teile unserer Messeplattform k\u00f6nnen dann aber nicht mehr funktionieren.<br><br>Die Rechtsgrundlage f\u00fcr die Datenverarbeitung beim Einsatz von technisch notwendigen Cookies ist unser berechtigtes Interesse, welches vor allem in der Sicherstellung der Funktionsf\u00e4higkeit und der Verbesserung unserer Messeplattform liegt.<br><br><strong>2.2.2 Analytische und Marketing Cookies<br><\/strong>Die analytischen Cookies erm\u00f6glichen es uns, Besucherverhalten und Traffic-Quellen zu analysieren, damit wir die Leistung unserer Messeplattform messen und das Nutzererlebnis verbessern k\u00f6nnen. Sie helfen uns, zu erkennen, wie beliebt welche Seiten sind und zeigen an, wie sich Besucher auf unserer Messeplattform bewegen. Die gesammelten Informationen sind aggregiert und anonym.<br><br>Marketing Cookies erm\u00f6glichen es, Ihnen Werbung zu liefern, die f\u00fcr Sie relevant ist. Diese Cookies k\u00f6nnen sich daran erinnern, dass Sie unsere Messeplattform besucht haben und diese Informationen an andere Unternehmen, einschliesslich anderer Werbetreibender, weitergeben.<br><br>Sofern wir Cookies zu Analyse- und Marketingzwecken einsetzen, holen wir Ihre ausdr\u00fcckliche Zustimmung dazu ein. Die Verarbeitung von Daten zu Analyse- und Marketingzwecken basiert daher auf Ihrer Einwilligung. Nach der Erteilung Ihrer Einwilligung k\u00f6nnen Sie Ihre Einwilligung jederzeit mit Wirkung f\u00fcr die Zukunft widerrufen. Die Rechtm\u00e4ssigkeit der aufgrund der Einwilligung bis zum Widerruf erfolgten Verarbeitung wird dadurch aber nicht ber\u00fchrt. Ihren Widerruf k\u00f6nnen Sie jederzeit erkl\u00e4ren, indem Sie die Cookie-Einstellungen anpassen.<br><br>Sie k\u00f6nnen der Verwendung von Cookies auch widersprechen, etwa (i) durch die Wahl der entsprechenden Einstellungen oder das L\u00f6schen von Cookies in Ihrem Browser, (ii) durch das Verwenden entsprechender Cookie-Blocker Software (z.B. ghostery etc.) oder (iii) indem Sie betreffend Cookies von Google etwa das unter dem folgenden Link verf\u00fcgbare Browser-Plugin herunterladen und installieren: http:\/\/tools.google.com\/dlpage\/gaoptout?hl=de.<\/li><li><strong>Bekanntgabe von Personendaten an Empf\u00e4nger und ins Ausland<br><\/strong>Neben den in dieser Datenschutzerkl\u00e4rung ausdr\u00fccklich genannten Daten\u00fcbermittlungen an Empf\u00e4nger geben wir die gem\u00e4ss dieser Datenschutzerkl\u00e4rung erhobenen Personendaten unter Umst\u00e4nden an folgende Kategorien von Empf\u00e4ngern weiter:<br>\u2212 Anbieter, an welche wir bestimmte Dienstleistungen ausgelagert haben (z.B. IT- und Hosting-Anbieter);<br>\u2212 Lieferanten;<br>\u2212 Beauftragte von uns, welche bei der Durchf\u00fchrung oder Organisation von Veranstaltungen und Seminaren involviert sind.<br><br>Ihre Personendaten k\u00f6nnen im Zusammenhang mit diesen Bekanntgaben an Dritte auch ins Ausland \u00fcbermittelt werden, vorwiegend in die Mitgliedstaaten der Europ\u00e4ischen Union, der EFTA, nach England und in die USA, aber unter Umst\u00e4nden auch in andere L\u00e4nder weltweit.<\/li><li><strong>Speicherungsdauer<br><\/strong>Wir verarbeiten und speichern Ihre Personendaten nur so lange, wie es gem\u00e4ss dem betreffenden Verarbeitungszweck notwendig ist oder eine andere rechtliche Grundlage (z.B. gesetzliche Aufbewahrungsfristen) daf\u00fcr besteht. Personendaten, die wir aufgrund einer Vertragsbeziehung mit Ihnen besitzen, behalten wir mindestens so lange, wie die Vertragsbeziehung besteht und Verj\u00e4hrungsfristen f\u00fcr m\u00f6gliche Anspr\u00fcche von uns laufen oder vertragliche Aufbewahrungspflichten bestehen. Sobald Ihre Personendaten f\u00fcr die oben genannten Zwecke nicht mehr erforderlich sind, werden sie grunds\u00e4tzlich und soweit m\u00f6glich, passiv gesetzt, gel\u00f6scht oder anonymisiert.<br><\/li><li><strong>Ihre Rechte<br><\/strong>Sie haben im Rahmen des auf Sie anwendbaren Datenschutzrechts und soweit darin vorgesehen das Recht auf Auskunft, Berichtigung, L\u00f6schung, das Recht auf Einschr\u00e4nkung der Datenbearbeitung und sonst dem Widerspruch gegen unsere Datenbearbeitungen sowie auf Herausgabe gewisser Personendaten zwecks \u00dcbertragung an eine andere Stelle (sog. Datenportabilit\u00e4t). Bitte beachten Sie aber, dass wir uns vorbehalten, unsererseits die gesetzlich vorgesehenen Einschr\u00e4nkungen geltend zu machen, etwa wenn wir zur Aufbewahrung oder Bearbeitung gewisser Daten verpflichtet sind, daran ein \u00fcberwiegendes Interesse haben (soweit wir uns darauf berufen d\u00fcrfen) oder sie f\u00fcr die Geltendmachung von Anspr\u00fcchen ben\u00f6tigen. Falls f\u00fcr Sie Kosten anfallen, werden wir Sie vorab informieren.<br><br>Sofern eine Datenbearbeitung auf Ihrer Einwilligung basiert, k\u00f6nnen Sie diese nach der Erteilung Ihrer Einwilligung jederzeit mit Wirkung f\u00fcr die Zukunft widerrufen. Die Rechtm\u00e4ssigkeit der aufgrund der Einwilligung bis zum Widerruf erfolgten Verarbeitung wird dadurch aber nicht ber\u00fchrt.<br><br>Die Aus\u00fcbung solcher Rechte setzt in der Regel voraus, dass Sie Ihre Identit\u00e4t eindeutig nachweisen (z.B. durch eine Ausweiskopie, wo Ihre Identit\u00e4t sonst nicht klar ist bzw. verifiziert werden kann). Zur Geltendmachung Ihrer Rechte k\u00f6nnen Sie uns unter der in Ziff. 1 dieser Datenschutzerkl\u00e4rung angegebenen Adresse kontaktieren.<br><br>Jede betroffene Person hat \u00fcberdies das Recht, ihre Anspr\u00fcche gerichtlich durchzusetzen oder bei der zust\u00e4ndigen Datenschutzbeh\u00f6rde eine Beschwerde einzureichen. Die zust\u00e4ndige Datenschutzbeh\u00f6rde der Schweiz ist der Eidgen\u00f6ssische Datenschutz- und \u00d6ffentlichkeitsbeauftragte (http:\/\/www.edoeb.admin.ch).<br><\/li><li><strong>Datensicherheit<br><\/strong>Wir treffen angemessene technische und organisatorische Massnahmen zum Schutz Ihrer Personendaten vor unberechtigtem Zugriff, Missbrauch, Verlust und Zerst\u00f6rung. Insbesondere nutzen wir teilweise Verschl\u00fcsselungen bei der Daten\u00fcbertragung (SSL-\/TLS-Verschl\u00fcsselung) und haben weitere Schutzvorkehrungen umgesetzt, um einen m\u00f6glichst l\u00fcckenlosen Schutz der \u00fcber unsere Messeplattform bearbeiteten Personendaten sicherzustellen.<br><\/li><li><strong>Anpassungen dieser Datenschutzerkl\u00e4rung<br><\/strong>Wir behalten uns ausdr\u00fccklich das Recht vor, die vorliegende Datenschutzerkl\u00e4rung jederzeit zu \u00e4ndern. Werden derartige Anpassungen vorgenommen, ver\u00f6ffentlichen wir umgehend die angepasste Datenschutzerkl\u00e4rung auf unserer Messeplattform. G\u00fcltig ist jeweils die auf unserer Messeplattform publizierte Datenschutzerkl\u00e4rung.<\/li><\/ol>","protected":false},"excerpt":{"rendered":"<p>DATENSCHUTZERKL\u00c4RUNG ZUR DIGITALEN MESSEPLATTFORM DER STEINEMANN TECHNOLOGY AG Geltungsbereich und VerantwortlicherDiese Datenschutzerkl\u00e4rung gibt Auskunft dar\u00fcber, wie und zu welchen Zwecken die Steinemann Technology AG (nachfolgend &#8222;wir&#8220; oder &#8222;Steinemann&#8220;) Ihre Personendaten (nachfolgend &#8222;Sie&#8220; oder &#8222;Nutzer&#8220;) bearbeitet, die Sie uns im Zusammenhang mit der Nutzung unserer digitalen Messeplattform bekanntgeben, sowie welche Rechte Ihnen dabei zustehen. Als &#8222;Personendaten&#8220; &hellip; <\/p>\n<p class=\"link-more\"><a href=\"https:\/\/showroom.steinemann.com\/ru\/datenschutzerklaerung\/\" class=\"more-link\">\u0427\u0438\u0442\u0430\u0442\u044c \u0434\u0430\u043b\u0435\u0435<span class=\"screen-reader-text\"> \u00abDatenschutzerkl\u00e4rung\u00bb<\/span><\/a><\/p>","protected":false},"author":1,"featured_media":0,"parent":0,"menu_order":0,"comment_status":"closed","ping_status":"closed","template":"","meta":{"footnotes":""},"class_list":["post-300","page","type-page","status-publish","hentry","entry"],"_links":{"self":[{"href":"https:\/\/showroom.steinemann.com\/ru\/wp-json\/wp\/v2\/pages\/300","targetHints":{"allow":["GET"]}}],"collection":[{"href":"https:\/\/showroom.steinemann.com\/ru\/wp-json\/wp\/v2\/pages"}],"about":[{"href":"https:\/\/showroom.steinemann.com\/ru\/wp-json\/wp\/v2\/types\/page"}],"author":[{"embeddable":true,"href":"https:\/\/showroom.steinemann.com\/ru\/wp-json\/wp\/v2\/users\/1"}],"replies":[{"embeddable":true,"href":"https:\/\/showroom.steinemann.com\/ru\/wp-json\/wp\/v2\/comments?post=300"}],"version-history":[{"count":2,"href":"https:\/\/showroom.steinemann.com\/ru\/wp-json\/wp\/v2\/pages\/300\/revisions"}],"predecessor-version":[{"id":308,"href":"https:\/\/showroom.steinemann.com\/ru\/wp-json\/wp\/v2\/pages\/300\/revisions\/308"}],"wp:attachment":[{"href":"https:\/\/showroom.steinemann.com\/ru\/wp-json\/wp\/v2\/media?parent=300"}],"curies":[{"name":"wp","href":"https:\/\/api.w.org\/{rel}","templated":true}]}}